{"id":704,"date":"2018-09-09T09:46:40","date_gmt":"2018-09-09T09:46:40","guid":{"rendered":"https:\/\/combilingue.ch\/cours-danglais-pour-tous\/"},"modified":"2020-12-16T13:34:51","modified_gmt":"2020-12-16T13:34:51","slug":"leistungen","status":"publish","type":"page","link":"https:\/\/combilingue.ch\/de\/leistungen\/","title":{"rendered":"LEISTUNGEN"},"content":{"rendered":"<h3><span style=\"color: #993300;\">Fehlen Ihnen die Worte?<\/span><\/h3>\n<p>Ich unterst\u00fctze Sie, um Ihre Kommunikation zu optimieren und ein qualitatives Image Ihrer Service-Leistungen und Produkte zu vermitteln. Ich begleite Sie bei der Entwicklung von zielgruppenrelevanten Inhalten f\u00fcr Ihre Website, Ihre Social media Profile oder Ihre Newsletters und Info-Mails.<\/p>\n<h4>Suchen Sie nicht mehr nach Worten. Weder auf Deutsch noch auf Franz\u00f6sisch.<\/h4>\n<p>Im Seeland wohnhaft und zweisprachig aufgewachsen: ich verstehe mich als Bindestrich zwischen zwei Sprachen, zwei Kulturen, zwei Weltanschauungen und zwei Arten, mit Kunden zu kommunizieren. Ich verf\u00fcge \u00fcber 20 Jahre Berufserfahrung im Kommunikationsbereich und stelle Sachverst\u00e4ndnis und Kreativit\u00e4t zur Verf\u00fcgung, um hochwertige Kommunikationsprodukte zu liefern, die Ihr Zielpublikum ansprechen und in partnerschaftlicher Zusammenarbeit mit Ihnen erarbeitet wurden.<\/p>\n<h4>Nehmen Sie mich beim Wort!<\/h4>\n<p>Lassen Sie uns zusammen relevante Kommunikationsprodukte ausw\u00e4hlen und entwickeln, damit Ihre Worte dort ankommen, wo sie erfolgreich geh\u00f6rt und gelesen werden.<\/p>\n","protected":false},"excerpt":{"rendered":"<p>Fehlen Ihnen die Worte? Ich unterst\u00fctze Sie, um Ihre Kommunikation zu optimieren und ein qualitatives Image Ihrer Service-Leistungen und Produkte zu vermitteln. Ich begleite Sie bei der Entwicklung von zielgruppenrelevanten Inhalten f\u00fcr Ihre Website, Ihre Social media Profile oder Ihre Newsletters und Info-Mails. Suchen Sie&nbsp;<a class=\"read-more\" href=\"https:\/\/combilingue.ch\/de\/leistungen\/\">&hellip;<\/a><\/p>\n","protected":false},"author":1,"featured_media":624,"parent":0,"menu_order":0,"comment_status":"closed","ping_status":"closed","template":"","meta":{"footnotes":""},"class_list":["post-704","page","type-page","status-publish","has-post-thumbnail","hentry"],"_links":{"self":[{"href":"https:\/\/combilingue.ch\/de\/wp-json\/wp\/v2\/pages\/704","targetHints":{"allow":["GET"]}}],"collection":[{"href":"https:\/\/combilingue.ch\/de\/wp-json\/wp\/v2\/pages"}],"about":[{"href":"https:\/\/combilingue.ch\/de\/wp-json\/wp\/v2\/types\/page"}],"author":[{"embeddable":true,"href":"https:\/\/combilingue.ch\/de\/wp-json\/wp\/v2\/users\/1"}],"replies":[{"embeddable":true,"href":"https:\/\/combilingue.ch\/de\/wp-json\/wp\/v2\/comments?post=704"}],"version-history":[{"count":2,"href":"https:\/\/combilingue.ch\/de\/wp-json\/wp\/v2\/pages\/704\/revisions"}],"predecessor-version":[{"id":733,"href":"https:\/\/combilingue.ch\/de\/wp-json\/wp\/v2\/pages\/704\/revisions\/733"}],"wp:featuredmedia":[{"embeddable":true,"href":"https:\/\/combilingue.ch\/de\/wp-json\/wp\/v2\/media\/624"}],"wp:attachment":[{"href":"https:\/\/combilingue.ch\/de\/wp-json\/wp\/v2\/media?parent=704"}],"curies":[{"name":"wp","href":"https:\/\/api.w.org\/{rel}","templated":true}]}}